{"id":120,"date":"2024-06-21T11:22:39","date_gmt":"2024-06-21T11:22:39","guid":{"rendered":"https:\/\/mi-asistencia.com\/?page_id=120"},"modified":"2024-12-12T10:43:52","modified_gmt":"2024-12-12T10:43:52","slug":"politica-de-privacidad","status":"publish","type":"page","link":"https:\/\/mi-asistencia.com\/?page_id=120","title":{"rendered":"Pol\u00edtica de Privacidad"},"content":{"rendered":"\t\t<div data-elementor-type=\"wp-page\" data-elementor-id=\"120\" class=\"elementor elementor-120\" data-elementor-post-type=\"page\">\n\t\t\t\t\t\t<section class=\"elementor-section elementor-top-section elementor-element elementor-element-1ce9840a elementor-section-boxed elementor-section-height-default elementor-section-height-default\" data-id=\"1ce9840a\" data-element_type=\"section\" data-settings=\"{&quot;background_background&quot;:&quot;classic&quot;}\">\n\t\t\t\t\t\t\t<div class=\"elementor-background-overlay\"><\/div>\n\t\t\t\t\t\t\t<div class=\"elementor-container elementor-column-gap-default\">\n\t\t\t\t\t<div class=\"elementor-column elementor-col-100 elementor-top-column elementor-element elementor-element-4e202184\" data-id=\"4e202184\" data-element_type=\"column\">\n\t\t\t<div class=\"elementor-widget-wrap elementor-element-populated\">\n\t\t\t\t\t\t<div class=\"elementor-element elementor-element-394d05b4 elementor-invisible elementor-widget elementor-widget-heading\" data-id=\"394d05b4\" data-element_type=\"widget\" data-settings=\"{&quot;_animation&quot;:&quot;fadeInUp&quot;}\" data-widget_type=\"heading.default\">\n\t\t\t\t<div class=\"elementor-widget-container\">\n\t\t\t<h1 class=\"elementor-heading-title elementor-size-default\">Pol\u00edtica de Privacidad<\/h1>\t\t<\/div>\n\t\t\t\t<\/div>\n\t\t\t\t\t<\/div>\n\t\t<\/div>\n\t\t\t\t\t<\/div>\n\t\t<\/section>\n\t\t<div class=\"elementor-element elementor-element-e06f2c3 e-flex e-con-boxed e-con e-parent\" data-id=\"e06f2c3\" data-element_type=\"container\">\n\t\t\t\t\t<div class=\"e-con-inner\">\n\t\t\t\t<div class=\"elementor-element elementor-element-f371e39 legal elementor-widget elementor-widget-shortcode\" data-id=\"f371e39\" data-element_type=\"widget\" data-widget_type=\"shortcode.default\">\n\t\t\t\t<div class=\"elementor-widget-container\">\n\t\t\t\t\t<div class=\"elementor-shortcode\">\n    <p>Antes de utilizar nuestros servicios o funcionalidades es importante que leas esta Pol\u00edtica as\u00ed como las condiciones espec\u00edficas que regulan cada servicio o funcionalidad.<\/p>\n\n    <h2>Objeto de la pol\u00edtica de privacidad<\/h2>\n    <p>La presente Pol\u00edtica de privacidad de mi-asistencia.com regula la obtenci\u00f3n, utilizaci\u00f3n y otras formas de procesamiento de datos personales facilitados u obtenidos con la autorizaci\u00f3n de los Usuarios y\/o Clientes en la presente web o en cualquier otro entorno de la entidad, digital o f\u00edsico.<\/p>\n    <p>Al introducir los datos en alguno o algunos de los formularios de captaci\u00f3n de datos ya sea de forma digital o f\u00edsica est\u00e1s aceptando sus condiciones de uso y la pol\u00edtica de privacidad, dando por entendido que has sido informado de las condiciones de uso y aviso legal de las mismas.<\/p>\n    <p>Le informamos que cada vez que nos facilite sus datos o sea necesario que accedamos a informaci\u00f3n que pudiera identificarte, como tu nombre, apellidos, correo electr\u00f3nico, direcci\u00f3n postal, n\u00famero de tel\u00e9fono, etc.; ya sea para navegar a trav\u00e9s de la web, comprar nuestros productos o hacer uso de nuestros servicios, estar\u00e1 bajo la aplicaci\u00f3n de esta Pol\u00edtica de Privacidad.<\/p>\n    <p>mi-asistencia.com informa a los usuarios que cumple con la vigente normativa de protecci\u00f3n de datos, y con car\u00e1cter especial, con el Reglamento (UE) 2016\/679 del Parlamento Europeo y del Consejo de 27 de abril de 2016 relativo a la protecci\u00f3n de las personas f\u00edsicas en lo que respecta al tratamiento de datos personales y a la libre circulaci\u00f3n de estos datos.<\/p>\n    <p>Todos los textos legales se encuentran a disposici\u00f3n de los Usuarios y\/o Clientes en la correspondiente web. Es importante que los leas ya que resultar\u00e1n aplicables aquellos que se encuentren vigentes en el momento de uso de nuestros servicios.<\/p>\n\n    <h2>\u00bfQui\u00e9n es responsable del tratamiento de sus datos?<\/h2>\n    <p>mi-asistencia.com es el responsable de la recogida y procesamiento de sus datos personales en relaci\u00f3n con los servicios que la misma presta. mi-asistencia.com se compromete a respetar y salvaguardar su privacidad y la seguridad de sus datos.<\/p>\n    <p><strong>Direcci\u00f3n:<\/strong> Calle Camarena 105 1C, 28047 Madrid<\/p>\n    <p><strong>Tel\u00e9fono:<\/strong> <a href='tel:910782288'>91 078 22 88<\/a> \/ <a href='tel:910783469'>91 078 34 69<\/a><\/p>\n    <p><strong>Email:<\/strong> <a href='mailto:atencionalcliente@mi-asistencia.com'>atencionalcliente@mi-asistencia.com<\/a><\/p>\n\n    <h2>\u00bfQu\u00e9 datos recogemos y de qu\u00e9 modo?<\/h2>\n    <p>Dependiendo de c\u00f3mo interact\u00faes con mi-asistencia.com (a trav\u00e9s de la web o entornos digitales, e-mail o por tel\u00e9fono, etc.), recogemos varios tipos de datos sobre tu persona que pueden identificarte directa o indirectamente, tal y como se describe a continuaci\u00f3n:<\/p>\n    <ul>\n        <li><strong>Informaci\u00f3n de contacto personal:<\/strong> Tu nombre, direcci\u00f3n postal, correo electr\u00f3nico o tu n\u00famero de tel\u00e9fono.<\/li>\n        <li><strong>Informaci\u00f3n de registro de la cuenta:<\/strong> Datos como tu correo electr\u00f3nico o contrase\u00f1a guardada de forma encriptada.<\/li>\n        <li><strong>Informaci\u00f3n demogr\u00e1fica o de conducta:<\/strong> Datos que describen tus caracter\u00edsticas o comportamiento.<\/li>\n        <li><strong>Informaci\u00f3n t\u00e9cnica:<\/strong> Datos sobre el dispositivo que utilizas para acceder a nuestro sitio web, como la direcci\u00f3n IP, sistema operativo o navegador web.<\/li>\n        <li><strong>Informaci\u00f3n sobre el uso:<\/strong> Datos relacionados con tus interacciones en nuestro sitio web, como los enlaces en los que haces clic, p\u00e1ginas visualizadas y otros comportamientos.<\/li>\n    <\/ul>\n\n    <h2>\u00bfCon qu\u00e9 finalidad\/es recopilamos sus datos?<\/h2>\n    <ul>\n        <li>Para gestionar tu registro en nuestra web.<\/li>\n        <li>Para procesar compras o pedidos realizados a trav\u00e9s de nuestra plataforma.<\/li>\n        <li>Para responder a consultas o solicitudes de informaci\u00f3n.<\/li>\n    <\/ul>\n\n    <h2>\u00bfA qu\u00e9 destinatarios se comunicar\u00e1n sus datos?<\/h2>\n    <p>Podemos compartir tus datos con terceros de confianza que nos ayudan a proporcionarte un mejor servicio, como proveedores tecnol\u00f3gicos o servicios digitales. Nos aseguramos de que cumplan con la legislaci\u00f3n vigente en materia de protecci\u00f3n de datos.<\/p>\n\n    <h2>\u00bfDurante cu\u00e1nto tiempo conservamos sus datos personales?<\/h2>\n    <p>Los datos personales ser\u00e1n conservados mientras el usuario no manifieste lo contrario y por los plazos de conservaci\u00f3n legalmente establecidos.<\/p>\n\n    <h2>\u00bfCu\u00e1les son los derechos de los usuarios que nos facilitan sus datos?<\/h2>\n    <p>Los usuarios pueden ejercer los derechos de portabilidad, acceso, rectificaci\u00f3n, supresi\u00f3n y limitaci\u00f3n al tratamiento. Puedes hacerlo enviando un correo a <a href='mailto:atencionalcliente@mi-asistencia.com'>atencionalcliente@mi-asistencia.com<\/a>.<\/p>\n\n    <h2>Cambios en la pol\u00edtica de privacidad<\/h2>\n    <p>mi-asistencia.com se reserva el derecho a cambiar esta pol\u00edtica en cualquier momento. Por favor, revisa la Pol\u00edtica de Privacidad con regularidad.<\/p>\n\n    <h2>Ley Aplicable y Jurisdicci\u00f3n<\/h2>\n    <p>Para la resoluci\u00f3n de todas las controversias o cuestiones relacionadas con el presente sitio web o de las actividades en \u00e9l desarrolladas, ser\u00e1 de aplicaci\u00f3n la legislaci\u00f3n espa\u00f1ola.<\/p>\n    <\/div>\n\t\t\t\t<\/div>\n\t\t\t\t<\/div>\n\t\t\t\t\t<\/div>\n\t\t\t\t<\/div>\n\t\t\t\t<\/div>\n\t\t","protected":false},"excerpt":{"rendered":"","protected":false},"author":1,"featured_media":0,"parent":0,"menu_order":0,"comment_status":"closed","ping_status":"closed","template":"elementor_header_footer","meta":{"_acf_changed":false,"site-sidebar-layout":"no-sidebar","site-content-layout":"","ast-site-content-layout":"full-width-container","site-content-style":"default","site-sidebar-style":"default","ast-global-header-display":"","ast-banner-title-visibility":"","ast-main-header-display":"","ast-hfb-above-header-display":"","ast-hfb-below-header-display":"","ast-hfb-mobile-header-display":"","site-post-title":"disabled","ast-breadcrumbs-content":"","ast-featured-img":"disabled","footer-sml-layout":"","theme-transparent-header-meta":"","adv-header-id-meta":"","stick-header-meta":"","header-above-stick-meta":"","header-main-stick-meta":"","header-below-stick-meta":"","astra-migrate-meta-layouts":"default","ast-page-background-enabled":"default","ast-page-background-meta":{"desktop":{"background-color":"var(--ast-global-color-4)","background-image":"","background-repeat":"repeat","background-position":"center center","background-size":"auto","background-attachment":"scroll","background-type":"","background-media":"","overlay-type":"","overlay-color":"","overlay-gradient":""},"tablet":{"background-color":"","background-image":"","background-repeat":"repeat","background-position":"center center","background-size":"auto","background-attachment":"scroll","background-type":"","background-media":"","overlay-type":"","overlay-color":"","overlay-gradient":""},"mobile":{"background-color":"","background-image":"","background-repeat":"repeat","background-position":"center center","background-size":"auto","background-attachment":"scroll","background-type":"","background-media":"","overlay-type":"","overlay-color":"","overlay-gradient":""}},"ast-content-background-meta":{"desktop":{"background-color":"var(--ast-global-color-5)","background-image":"","background-repeat":"repeat","background-position":"center center","background-size":"auto","background-attachment":"scroll","background-type":"","background-media":"","overlay-type":"","overlay-color":"","overlay-gradient":""},"tablet":{"background-color":"var(--ast-global-color-5)","background-image":"","background-repeat":"repeat","background-position":"center center","background-size":"auto","background-attachment":"scroll","background-type":"","background-media":"","overlay-type":"","overlay-color":"","overlay-gradient":""},"mobile":{"background-color":"var(--ast-global-color-5)","background-image":"","background-repeat":"repeat","background-position":"center center","background-size":"auto","background-attachment":"scroll","background-type":"","background-media":"","overlay-type":"","overlay-color":"","overlay-gradient":""}},"footnotes":""},"class_list":["post-120","page","type-page","status-publish","hentry"],"acf":[],"_links":{"self":[{"href":"https:\/\/mi-asistencia.com\/index.php?rest_route=\/wp\/v2\/pages\/120","targetHints":{"allow":["GET"]}}],"collection":[{"href":"https:\/\/mi-asistencia.com\/index.php?rest_route=\/wp\/v2\/pages"}],"about":[{"href":"https:\/\/mi-asistencia.com\/index.php?rest_route=\/wp\/v2\/types\/page"}],"author":[{"embeddable":true,"href":"https:\/\/mi-asistencia.com\/index.php?rest_route=\/wp\/v2\/users\/1"}],"replies":[{"embeddable":true,"href":"https:\/\/mi-asistencia.com\/index.php?rest_route=%2Fwp%2Fv2%2Fcomments&post=120"}],"version-history":[{"count":10,"href":"https:\/\/mi-asistencia.com\/index.php?rest_route=\/wp\/v2\/pages\/120\/revisions"}],"predecessor-version":[{"id":171,"href":"https:\/\/mi-asistencia.com\/index.php?rest_route=\/wp\/v2\/pages\/120\/revisions\/171"}],"wp:attachment":[{"href":"https:\/\/mi-asistencia.com\/index.php?rest_route=%2Fwp%2Fv2%2Fmedia&parent=120"}],"curies":[{"name":"wp","href":"https:\/\/api.w.org\/{rel}","templated":true}]}}