{"id":107,"date":"2024-06-21T11:14:20","date_gmt":"2024-06-21T11:14:20","guid":{"rendered":"https:\/\/mi-asistencia.com\/?page_id=107"},"modified":"2024-12-12T10:36:52","modified_gmt":"2024-12-12T10:36:52","slug":"aviso-legal","status":"publish","type":"page","link":"https:\/\/mi-asistencia.com\/?page_id=107","title":{"rendered":"Aviso Legal"},"content":{"rendered":"\t\t<div data-elementor-type=\"wp-page\" data-elementor-id=\"107\" class=\"elementor elementor-107\" data-elementor-post-type=\"page\">\n\t\t\t\t\t\t<section class=\"elementor-section elementor-top-section elementor-element elementor-element-40953a3c elementor-section-boxed elementor-section-height-default elementor-section-height-default\" data-id=\"40953a3c\" data-element_type=\"section\" data-settings=\"{&quot;background_background&quot;:&quot;classic&quot;}\">\n\t\t\t\t\t\t\t<div class=\"elementor-background-overlay\"><\/div>\n\t\t\t\t\t\t\t<div class=\"elementor-container elementor-column-gap-default\">\n\t\t\t\t\t<div class=\"elementor-column elementor-col-100 elementor-top-column elementor-element elementor-element-1e2449cf\" data-id=\"1e2449cf\" data-element_type=\"column\">\n\t\t\t<div class=\"elementor-widget-wrap elementor-element-populated\">\n\t\t\t\t\t\t<div class=\"elementor-element elementor-element-20f1e313 elementor-invisible elementor-widget elementor-widget-heading\" data-id=\"20f1e313\" data-element_type=\"widget\" data-settings=\"{&quot;_animation&quot;:&quot;fadeInUp&quot;}\" data-widget_type=\"heading.default\">\n\t\t\t\t<div class=\"elementor-widget-container\">\n\t\t\t<h1 class=\"elementor-heading-title elementor-size-default\">Aviso Legal<\/h1>\t\t<\/div>\n\t\t\t\t<\/div>\n\t\t\t\t\t<\/div>\n\t\t<\/div>\n\t\t\t\t\t<\/div>\n\t\t<\/section>\n\t\t<div class=\"elementor-element elementor-element-f3bdfaa e-flex e-con-boxed e-con e-parent\" data-id=\"f3bdfaa\" data-element_type=\"container\">\n\t\t\t\t\t<div class=\"e-con-inner\">\n\t\t\t\t<div class=\"elementor-element elementor-element-b2ad87d legal elementor-widget elementor-widget-shortcode\" data-id=\"b2ad87d\" data-element_type=\"widget\" data-widget_type=\"shortcode.default\">\n\t\t\t\t<div class=\"elementor-widget-container\">\n\t\t\t\t\t<div class=\"elementor-shortcode\">\n    <h2>Propiedad intelectual e industrial<\/h2>\n    <p>El dise\u00f1o del portal y sus c\u00f3digos fuente, as\u00ed como los logos, marcas y dem\u00e1s signos distintivos que aparecen en el mismo pertenecen a mi-asistencia.com y est\u00e1n protegidos por los correspondientes derechos de propiedad intelectual e industrial.<\/p>\n\n    <h2>Responsabilidad de los contenidos<\/h2>\n    <p>mi-asistencia.com no se hace responsable de la legalidad de otros sitios web de terceros desde los que pueda accederse al portal. Tampoco responde por la legalidad de otros sitios web de terceros, que pudieran estar vinculados o enlazados desde este portal.<\/p>\n    <p>mi-asistencia.com no ser\u00e1 responsable del uso que terceros hagan de la informaci\u00f3n publicada en el portal, ni tampoco de los da\u00f1os sufridos o p\u00e9rdidas econ\u00f3micas que, de forma directa o indirecta, produzcan o puedan producir perjuicios econ\u00f3micos, materiales o sobre datos, provocados por el uso de dicha informaci\u00f3n.<\/p>\n\n    <h2>Reproducci\u00f3n de contenidos<\/h2>\n    <p>En virtud de lo dispuesto en la Ley de Propiedad Intelectual quedan expresamente prohibidas la reproducci\u00f3n, la distribuci\u00f3n y la comunicaci\u00f3n p\u00fablica de la totalidad o parte de los contenidos de esta p\u00e1gina web, con fines comerciales en cualquier soporte, y por cualquier medio t\u00e9cnico, sin la autorizaci\u00f3n de mi-asistencia.com.<\/p>\n\n    <h2>Ley aplicable<\/h2>\n    <p>mi-asistencia.com se reserva la facultad de presentar las acciones civiles o penales que considere necesarias por la utilizaci\u00f3n indebida del sitio web y contenidos, o por el incumplimiento de las presentes condiciones.<\/p>\n    <p>La relaci\u00f3n entre el usuario y mi-asistencia.com se regir\u00e1 por la normativa vigente y de aplicaci\u00f3n en el territorio nacional. De surgir cualquier controversia en relaci\u00f3n a la interpretaci\u00f3n y\/o a la aplicaci\u00f3n de estas condiciones, las partes someter\u00e1n los conflictos a la jurisdicci\u00f3n ordinaria, someti\u00e9ndose a los Jueces y Tribunales que correspondan conforme a Derecho.<\/p>\n    <p>As\u00ed mismo, le informamos que dispone de un procedimiento de resoluci\u00f3n extrajudicial de controversias gratuito y accesible a todos los ciudadanos, se trata de la plataforma de resoluci\u00f3n de litigios en l\u00ednea de la Uni\u00f3n Europea, accesible a trav\u00e9s del siguiente enlace: <a href='https:\/\/ec.europa.eu\/consumers\/odr\/main\/?event=main.home2.show' target='_blank'>https:\/\/ec.europa.eu\/consumers\/odr\/main\/?event=main.home2.show<\/a>.<\/p>\n\n    <h2>Cookies<\/h2>\n    <p>En el caso de emplear tecnolog\u00eda \u201ccookie\u201d en la web, dispone de un apartado concreto que le informa sobre su existencia as\u00ed como de su pol\u00edtica de uso. Consulte el apartado \u201cpol\u00edtica de cookies\u201d.<\/p>\n    <p>En caso contrario, no se emplean cookies de navegaci\u00f3n.<\/p>\n\n    <h2>Datos personales de menores<\/h2>\n    <p>Esta p\u00e1gina web no est\u00e1 dirigida a usuarios menores de edad. Si usted es menor de edad, por favor no intente registrarse como usuario. Si descubrimos que por error hemos obtenido informaci\u00f3n personal de un menor, eliminaremos dicha informaci\u00f3n lo antes posible.<\/p>\n\n    <h2>Ejercicio de los derechos de protecci\u00f3n de datos<\/h2>\n    <p>Para el ejercicio de los derechos deber\u00e1 identificarse mediante la presentaci\u00f3n de su DNI.<\/p>\n    <p>Para cualquier reclamaci\u00f3n puede dirigirse al mismo correo indicado. Igualmente podr\u00e1 dirigirse a la Agencia Espa\u00f1ola de Protecci\u00f3n de Datos: <a href='https:\/\/www.aepd.es' target='_blank'>www.aepd.es<\/a>.<\/p>\n\n    <h2>Datos de contacto<\/h2>\n    <p><strong>Nombre:<\/strong> mi-asistencia.com<\/p>\n    <p><strong>Direcci\u00f3n:<\/strong> Calle Camarena 105 1C, 28047 Madrid<\/p>\n    <p><strong>Tel\u00e9fono:<\/strong> <a href='tel:910782288'>91 078 22 88<\/a> \/ <a href='tel:910783469'>91 078 34 69<\/a><\/p> \n    <p><strong>Email:<\/strong> <a href='mailto:info@mi-asistencia.com'>info@mi-asistencia.com<\/a><\/p>\n    <\/div>\n\t\t\t\t<\/div>\n\t\t\t\t<\/div>\n\t\t\t\t\t<\/div>\n\t\t\t\t<\/div>\n\t\t\t\t<\/div>\n\t\t","protected":false},"excerpt":{"rendered":"","protected":false},"author":1,"featured_media":0,"parent":0,"menu_order":0,"comment_status":"closed","ping_status":"closed","template":"elementor_header_footer","meta":{"_acf_changed":false,"site-sidebar-layout":"no-sidebar","site-content-layout":"","ast-site-content-layout":"full-width-container","site-content-style":"default","site-sidebar-style":"default","ast-global-header-display":"","ast-banner-title-visibility":"","ast-main-header-display":"","ast-hfb-above-header-display":"","ast-hfb-below-header-display":"","ast-hfb-mobile-header-display":"","site-post-title":"disabled","ast-breadcrumbs-content":"","ast-featured-img":"disabled","footer-sml-layout":"","theme-transparent-header-meta":"","adv-header-id-meta":"","stick-header-meta":"","header-above-stick-meta":"","header-main-stick-meta":"","header-below-stick-meta":"","astra-migrate-meta-layouts":"default","ast-page-background-enabled":"default","ast-page-background-meta":{"desktop":{"background-color":"var(--ast-global-color-4)","background-image":"","background-repeat":"repeat","background-position":"center center","background-size":"auto","background-attachment":"scroll","background-type":"","background-media":"","overlay-type":"","overlay-color":"","overlay-gradient":""},"tablet":{"background-color":"","background-image":"","background-repeat":"repeat","background-position":"center center","background-size":"auto","background-attachment":"scroll","background-type":"","background-media":"","overlay-type":"","overlay-color":"","overlay-gradient":""},"mobile":{"background-color":"","background-image":"","background-repeat":"repeat","background-position":"center center","background-size":"auto","background-attachment":"scroll","background-type":"","background-media":"","overlay-type":"","overlay-color":"","overlay-gradient":""}},"ast-content-background-meta":{"desktop":{"background-color":"var(--ast-global-color-5)","background-image":"","background-repeat":"repeat","background-position":"center center","background-size":"auto","background-attachment":"scroll","background-type":"","background-media":"","overlay-type":"","overlay-color":"","overlay-gradient":""},"tablet":{"background-color":"var(--ast-global-color-5)","background-image":"","background-repeat":"repeat","background-position":"center center","background-size":"auto","background-attachment":"scroll","background-type":"","background-media":"","overlay-type":"","overlay-color":"","overlay-gradient":""},"mobile":{"background-color":"var(--ast-global-color-5)","background-image":"","background-repeat":"repeat","background-position":"center center","background-size":"auto","background-attachment":"scroll","background-type":"","background-media":"","overlay-type":"","overlay-color":"","overlay-gradient":""}},"footnotes":""},"class_list":["post-107","page","type-page","status-publish","hentry"],"acf":[],"_links":{"self":[{"href":"https:\/\/mi-asistencia.com\/index.php?rest_route=\/wp\/v2\/pages\/107","targetHints":{"allow":["GET"]}}],"collection":[{"href":"https:\/\/mi-asistencia.com\/index.php?rest_route=\/wp\/v2\/pages"}],"about":[{"href":"https:\/\/mi-asistencia.com\/index.php?rest_route=\/wp\/v2\/types\/page"}],"author":[{"embeddable":true,"href":"https:\/\/mi-asistencia.com\/index.php?rest_route=\/wp\/v2\/users\/1"}],"replies":[{"embeddable":true,"href":"https:\/\/mi-asistencia.com\/index.php?rest_route=%2Fwp%2Fv2%2Fcomments&post=107"}],"version-history":[{"count":13,"href":"https:\/\/mi-asistencia.com\/index.php?rest_route=\/wp\/v2\/pages\/107\/revisions"}],"predecessor-version":[{"id":163,"href":"https:\/\/mi-asistencia.com\/index.php?rest_route=\/wp\/v2\/pages\/107\/revisions\/163"}],"wp:attachment":[{"href":"https:\/\/mi-asistencia.com\/index.php?rest_route=%2Fwp%2Fv2%2Fmedia&parent=107"}],"curies":[{"name":"wp","href":"https:\/\/api.w.org\/{rel}","templated":true}]}}